{"id":20,"date":"2024-07-18T20:00:06","date_gmt":"2024-07-18T20:00:06","guid":{"rendered":"https:\/\/animazionedesign.it\/rtd\/?page_id=20"},"modified":"2024-10-27T12:29:10","modified_gmt":"2024-10-27T12:29:10","slug":"la-sperimentazione","status":"publish","type":"page","link":"https:\/\/animazionedesign.it\/rtd\/la-sperimentazione\/","title":{"rendered":"la Sperimentazione"},"content":{"rendered":"\n<div style=\"height:100px\" aria-hidden=\"true\" class=\"wp-block-spacer\"><\/div>\n\n\n\n<h2 class=\"wp-block-heading\">la Sperimentazione<\/h2>\n\n\n\n<h4 class=\"wp-block-heading\">L\u2019aspetto forse pi\u00f9 peculiare della ricerca \u00e8 costituito dalla sua finalizzazione: gli artefatti audiovisivi realizzati costituiranno una sorta di libreria didattica che, incorporata in una piattaforma web potr\u00e0 essere messa a disposizione degli atenei dei docenti esperti coinvolti nel progetto, e sar\u00e0 quindi erogabile agli studenti di quelle sedi, e primariamente agli studenti Erasmus incoming.<br><br>I contenuti ospitati dalla piattaforma, integrati da una base ragionata di letture, esperienze e approfondimenti appositamente messa a punto dal \u2018comitato scientifico del progetto\u2019 \u2013 rigorosamente a carattere di accesso libero \u2013 e raccolti sulla gi\u00e0 menzionata piattaforma potranno (se le sedi universitarie coinvolte lo vorranno) costituire la base informativa per sostenere un esame (nella modalit\u00e0 a crediti liberi). <br><br>Lo stesso materiale potr\u00e0 altres\u00ec rientrare nei curriculum didattici delle stesse universit\u00e0, in forma di materiale didattico integrativo.<\/h4>\n\n\n\n<div style=\"height:50px\" aria-hidden=\"true\" class=\"wp-block-spacer\"><\/div>\n","protected":false},"excerpt":{"rendered":"<p>la Sperimentazione L\u2019aspetto forse pi\u00f9 peculiare della ricerca \u00e8 costituito dalla sua finalizzazione: gli artefatti audiovisivi realizzati costituiranno una sorta di libreria didattica che, incorporata in una piattaforma web potr\u00e0 essere messa a disposizione degli atenei dei docenti esperti coinvolti nel progetto, e sar\u00e0 quindi erogabile agli studenti di quelle sedi, e primariamente agli studenti [&hellip;]<\/p>\n","protected":false},"author":1,"featured_media":0,"parent":0,"menu_order":0,"comment_status":"closed","ping_status":"closed","template":"page-templates\/menu-trasparent.php","meta":{"footnotes":""},"class_list":["post-20","page","type-page","status-publish","hentry"],"_links":{"self":[{"href":"https:\/\/animazionedesign.it\/rtd\/wp-json\/wp\/v2\/pages\/20","targetHints":{"allow":["GET"]}}],"collection":[{"href":"https:\/\/animazionedesign.it\/rtd\/wp-json\/wp\/v2\/pages"}],"about":[{"href":"https:\/\/animazionedesign.it\/rtd\/wp-json\/wp\/v2\/types\/page"}],"author":[{"embeddable":true,"href":"https:\/\/animazionedesign.it\/rtd\/wp-json\/wp\/v2\/users\/1"}],"replies":[{"embeddable":true,"href":"https:\/\/animazionedesign.it\/rtd\/wp-json\/wp\/v2\/comments?post=20"}],"version-history":[{"count":5,"href":"https:\/\/animazionedesign.it\/rtd\/wp-json\/wp\/v2\/pages\/20\/revisions"}],"predecessor-version":[{"id":213,"href":"https:\/\/animazionedesign.it\/rtd\/wp-json\/wp\/v2\/pages\/20\/revisions\/213"}],"wp:attachment":[{"href":"https:\/\/animazionedesign.it\/rtd\/wp-json\/wp\/v2\/media?parent=20"}],"curies":[{"name":"wp","href":"https:\/\/api.w.org\/{rel}","templated":true}]}}