{"id":22,"date":"2024-07-18T20:00:15","date_gmt":"2024-07-18T20:00:15","guid":{"rendered":"https:\/\/animazionedesign.it\/rtd\/?page_id=22"},"modified":"2024-10-29T15:51:30","modified_gmt":"2024-10-29T15:51:30","slug":"gallery","status":"publish","type":"page","link":"https:\/\/animazionedesign.it\/rtd\/gallery\/","title":{"rendered":"Gallery"},"content":{"rendered":"\n<div style=\"height:100px\" aria-hidden=\"true\" class=\"wp-block-spacer\"><\/div>\n\n\n\n<h2 class=\"wp-block-heading\">Gallery<\/h2>\n\n\n\n<h4 class=\"wp-block-heading\">Mentre siamo al lavoro sulla realizzazione di alcuni primi moduli, ci fa piacere condividere con voi alcuni materiali &#8220;di lavorazione&#8221;.<\/h4>\n\n\n\n<div style=\"height:60px\" aria-hidden=\"true\" class=\"wp-block-spacer\"><\/div>\n\n\n\n<h2 class=\"wp-block-heading\">Intro<\/h2>\n\n\n\n<h4 class=\"wp-block-heading\">Queste \u2018copertine\u2019 sono esercizi preparatori, che abbiamo intrapreso in attesa che iniziassero a fluire materiali da parte dei \u2018consulenti\u2019 del nostro panel di esperti. In questi due primi esperimenti abbiamo inserito elementi del paesaggio visuale e tematico che andavamo esplorando, per iniziare a tarare alcuni registri visuali del progetto. Inviate ai nostri referenti, sono state di aiuto nell\u2019inquadrare alcune potenzialit\u00e0 retoriche e di linguaggio visivo con cui avremmo potuto procedere nella costruzione narrativa.<\/h4>\n\n\n\n<div style=\"height:30px\" aria-hidden=\"true\" class=\"wp-block-spacer\"><\/div>\n\n\n\n<figure class=\"wp-block-image size-large\"><img loading=\"lazy\" decoding=\"async\" width=\"1024\" height=\"547\" src=\"https:\/\/animazionedesign.it\/rtd\/wp-content\/uploads\/2024\/07\/Gio-Ponti-copertina-1024x547.jpg\" alt=\"\" class=\"wp-image-171\" srcset=\"https:\/\/animazionedesign.it\/rtd\/wp-content\/uploads\/2024\/07\/Gio-Ponti-copertina-1024x547.jpg 1024w, https:\/\/animazionedesign.it\/rtd\/wp-content\/uploads\/2024\/07\/Gio-Ponti-copertina-300x160.jpg 300w, https:\/\/animazionedesign.it\/rtd\/wp-content\/uploads\/2024\/07\/Gio-Ponti-copertina-768x410.jpg 768w, https:\/\/animazionedesign.it\/rtd\/wp-content\/uploads\/2024\/07\/Gio-Ponti-copertina-1536x820.jpg 1536w, https:\/\/animazionedesign.it\/rtd\/wp-content\/uploads\/2024\/07\/Gio-Ponti-copertina-2048x1093.jpg 2048w\" sizes=\"auto, (max-width: 1024px) 100vw, 1024px\" \/><\/figure>\n\n\n\n<div style=\"height:30px\" aria-hidden=\"true\" class=\"wp-block-spacer\"><\/div>\n\n\n\n<h5 class=\"wp-block-heading\">La copertina sul film su Gio Ponti \u00e8 la primissima cosa che abbiamo fatto: il tema era stabilire un rapporto chiaro tra l&#8217;opera architettonica, quella nel campo del design, e le attivit\u00e0 di Ponti come consulente, ma anche intellettuale, critico e direttore di riviste. L\u2019architettura non poteva non essere presente, ma come cornice. Rappresentando l&#8217;interno del grattacielo Pirelli con una struttura a filo di ferro, in contrasto con il resto, a pieni colori, qui abbiamo esplorato come questa relazione poteva essere messa in scena in modo implicito, nell\u2019intero svolgimento della trama del racconto.<\/h5>\n\n\n\n<div style=\"height:30px\" aria-hidden=\"true\" class=\"wp-block-spacer\"><\/div>\n\n\n\n<figure class=\"wp-block-image size-large\"><img loading=\"lazy\" decoding=\"async\" width=\"1024\" height=\"577\" src=\"https:\/\/animazionedesign.it\/rtd\/wp-content\/uploads\/2024\/07\/copertina_rtd-1024x577.gif\" alt=\"\" class=\"wp-image-40\" srcset=\"https:\/\/animazionedesign.it\/rtd\/wp-content\/uploads\/2024\/07\/copertina_rtd-1024x577.gif 1024w, https:\/\/animazionedesign.it\/rtd\/wp-content\/uploads\/2024\/07\/copertina_rtd-300x169.gif 300w, https:\/\/animazionedesign.it\/rtd\/wp-content\/uploads\/2024\/07\/copertina_rtd-768x432.gif 768w, https:\/\/animazionedesign.it\/rtd\/wp-content\/uploads\/2024\/07\/copertina_rtd-1536x865.gif 1536w\" sizes=\"auto, (max-width: 1024px) 100vw, 1024px\" \/><\/figure>\n\n\n\n<div style=\"height:30px\" aria-hidden=\"true\" class=\"wp-block-spacer\"><\/div>\n\n\n\n<h5 class=\"wp-block-heading\">La copertina del film su moda e design, la seconda che abbiamo assemblato (operazione che ha richiesto circa una settimana), contiene di fatto quasi tutti gli elementi che poi nel racconto hanno trovato posto, e di questo possiede gi\u00e0 una significativa tensione narrativa. In qualche misura, ci sembra, l\u2019esperimento costituisce un ottimo esercizio preparatorio, una sorta di visual brainstorming, che si \u00e8 poi agevolmente tradotto negli elementi dello storyboard del progetto.<\/h5>\n\n\n\n<div style=\"height:60px\" aria-hidden=\"true\" class=\"wp-block-spacer\"><\/div>\n\n\n\n<h2 class=\"wp-block-heading\">Sequenze Sketch<\/h2>\n\n\n\n<h4 class=\"wp-block-heading\">Un componente importante \u2013 e molto divertente \u2013 dei progetti sono le sequenze che abbiamo denominato \u2018sketch\u2019, e nelle quali lo spirito dell\u2019animazione, la retorica visuale, l\u2019uso del movimento, diventano elementi centrali della narrazione. nel film sulla moda ne abbiamo previsti almeno tre, e tra questi&#8230; questo rappresenta la scena del \u2018flipper\u2019.<\/h4>\n\n\n\n<div style=\"height:30px\" aria-hidden=\"true\" class=\"wp-block-spacer\"><\/div>\n\n\n\n<figure class=\"wp-block-image size-large\"><img loading=\"lazy\" decoding=\"async\" width=\"1024\" height=\"228\" src=\"https:\/\/animazionedesign.it\/rtd\/wp-content\/uploads\/2024\/07\/01_MONTAtOvestirsiefacile-1024x228.jpg\" alt=\"\" class=\"wp-image-148\" srcset=\"https:\/\/animazionedesign.it\/rtd\/wp-content\/uploads\/2024\/07\/01_MONTAtOvestirsiefacile-1024x228.jpg 1024w, https:\/\/animazionedesign.it\/rtd\/wp-content\/uploads\/2024\/07\/01_MONTAtOvestirsiefacile-300x67.jpg 300w, https:\/\/animazionedesign.it\/rtd\/wp-content\/uploads\/2024\/07\/01_MONTAtOvestirsiefacile-768x171.jpg 768w, https:\/\/animazionedesign.it\/rtd\/wp-content\/uploads\/2024\/07\/01_MONTAtOvestirsiefacile-1536x341.jpg 1536w, https:\/\/animazionedesign.it\/rtd\/wp-content\/uploads\/2024\/07\/01_MONTAtOvestirsiefacile-2048x455.jpg 2048w\" sizes=\"auto, (max-width: 1024px) 100vw, 1024px\" \/><\/figure>\n\n\n\n<div style=\"height:30px\" aria-hidden=\"true\" class=\"wp-block-spacer\"><\/div>\n\n\n\n<h5 class=\"wp-block-heading\">Nelle immagini, il riferimento, tratto da una sequenza fotografica di Archizoom&#8230;<\/h5>\n\n\n\n<div style=\"height:30px\" aria-hidden=\"true\" class=\"wp-block-spacer\"><\/div>\n\n\n\n<figure class=\"wp-block-image size-large\"><img loading=\"lazy\" decoding=\"async\" width=\"1024\" height=\"228\" src=\"https:\/\/animazionedesign.it\/rtd\/wp-content\/uploads\/2024\/07\/02_montaggioflippersketch-1024x228.jpg\" alt=\"\" class=\"wp-image-149\" srcset=\"https:\/\/animazionedesign.it\/rtd\/wp-content\/uploads\/2024\/07\/02_montaggioflippersketch-1024x228.jpg 1024w, https:\/\/animazionedesign.it\/rtd\/wp-content\/uploads\/2024\/07\/02_montaggioflippersketch-300x67.jpg 300w, https:\/\/animazionedesign.it\/rtd\/wp-content\/uploads\/2024\/07\/02_montaggioflippersketch-768x171.jpg 768w, https:\/\/animazionedesign.it\/rtd\/wp-content\/uploads\/2024\/07\/02_montaggioflippersketch-1536x341.jpg 1536w, https:\/\/animazionedesign.it\/rtd\/wp-content\/uploads\/2024\/07\/02_montaggioflippersketch-2048x455.jpg 2048w\" sizes=\"auto, (max-width: 1024px) 100vw, 1024px\" \/><\/figure>\n\n\n\n<div style=\"height:30px\" aria-hidden=\"true\" class=\"wp-block-spacer\"><\/div>\n\n\n\n<h5 class=\"wp-block-heading\">&#8230; e lo schizzo preparatorio della sequenza che trasporta questa idea in una sorta di flipper immaginario.<\/h5>\n\n\n\n<div style=\"height:30px\" aria-hidden=\"true\" class=\"wp-block-spacer\"><\/div>\n\n\n\n<figure class=\"wp-block-image size-large\"><img loading=\"lazy\" decoding=\"async\" width=\"1024\" height=\"228\" src=\"https:\/\/animazionedesign.it\/rtd\/wp-content\/uploads\/2024\/07\/03_montato_trittico_daCLIP-1024x228.jpg\" alt=\"\" class=\"wp-image-165\" srcset=\"https:\/\/animazionedesign.it\/rtd\/wp-content\/uploads\/2024\/07\/03_montato_trittico_daCLIP-1024x228.jpg 1024w, https:\/\/animazionedesign.it\/rtd\/wp-content\/uploads\/2024\/07\/03_montato_trittico_daCLIP-300x67.jpg 300w, https:\/\/animazionedesign.it\/rtd\/wp-content\/uploads\/2024\/07\/03_montato_trittico_daCLIP-768x171.jpg 768w, https:\/\/animazionedesign.it\/rtd\/wp-content\/uploads\/2024\/07\/03_montato_trittico_daCLIP-1536x341.jpg 1536w, https:\/\/animazionedesign.it\/rtd\/wp-content\/uploads\/2024\/07\/03_montato_trittico_daCLIP-2048x455.jpg 2048w\" sizes=\"auto, (max-width: 1024px) 100vw, 1024px\" \/><\/figure>\n\n\n\n<div style=\"height:30px\" aria-hidden=\"true\" class=\"wp-block-spacer\"><\/div>\n\n\n\n<h5 class=\"wp-block-heading\">Ed ecco tre fotogrammi dalla sequenza &#8216;flipper&#8217; in cui abbiamo dato vita al concept di Archizoom.<\/h5>\n\n\n\n<div style=\"height:30px\" aria-hidden=\"true\" class=\"wp-block-spacer\"><\/div>\n\n\n\n<figure class=\"wp-block-video\"><video height=\"1080\" style=\"aspect-ratio: 1920 \/ 1080;\" width=\"1920\" controls src=\"https:\/\/animazionedesign.it\/rtd\/wp-content\/uploads\/2024\/08\/scena-flipper.mp4\"><\/video><\/figure>\n\n\n\n<div style=\"height:30px\" aria-hidden=\"true\" class=\"wp-block-spacer\"><\/div>\n\n\n\n<h5 class=\"wp-block-heading\"><strong>E, infine, un\u2019estratto dalla scena che sar\u00e0 inclusa nel film.<\/strong><\/h5>\n\n\n\n<div style=\"height:60px\" aria-hidden=\"true\" class=\"wp-block-spacer\"><\/div>\n\n\n\n<h2 class=\"wp-block-heading\">Griglie discrete<\/h2>\n\n\n\n<h4 class=\"wp-block-heading\">Uno degli elementi su cui abbiamo lavorato per il film sulla grafica del made in Italy \u00e8 quello della griglia, come elemento chiave di progetto di un&#8217;intera stagione della grafica.<br>Anche se questo autentico paradigma del good design grafico \u00e8 stato interpretato in modo morbido, libero, (\u2026vogliamo dire\u2026italiano?) dai grafici nostrani, il riferimento a un pensiero sistematico, rigoroso, coerente, nel progetto grafico, \u00e8 stato comunque costante nel loro lavoro, pur nelle diverse sensibilit\u00e0 e individualit\u00e0 che costituiscono il principale valore in termini della sua dimensione di ecosistema creativo.<br>Da qui l&#8217;idea di un sistema di griglie, di elementi flessibili, adattabili, ma sempre alla base del progetto, che \u00e8 diventato, quasi un meta-progetto, il protagonista e quasi narratore del nostro racconto.<\/h4>\n\n\n\n<div style=\"height:30px\" aria-hidden=\"true\" class=\"wp-block-spacer\"><\/div>\n\n\n\n<figure class=\"wp-block-video\"><video height=\"1280\" style=\"aspect-ratio: 1920 \/ 1280;\" width=\"1920\" controls src=\"https:\/\/animazionedesign.it\/rtd\/wp-content\/uploads\/2024\/08\/VIDEO-2024-08-06-11-30-19.mp4\"><\/video><\/figure>\n\n\n\n<div style=\"height:30px\" aria-hidden=\"true\" class=\"wp-block-spacer\"><\/div>\n\n\n\n<h5 class=\"wp-block-heading\">Ecco qui un\u2019anticipazione di come abbiamo lavorato per dar forma visiva a questo concept.<\/h5>\n\n\n\n<div style=\"height:30px\" aria-hidden=\"true\" class=\"wp-block-spacer\"><\/div>\n\n\n\n<h4 class=\"wp-block-heading\">Un altro spezzone, che nella versione finale viene modificato leggermente per conferire alla&nbsp;<strong>scena<\/strong>&nbsp;maggiore dinamicit\u00e0,&nbsp;<strong>che presenta alcune<\/strong>&nbsp;delle pi\u00f9 importanti riviste d\u2019impresa con cui, soprattutto tra gli anni \u201950 e \u201960 del secolo scorso, importanti aziende italiane si sono promosse al pubblico, avvalendosi del contributo progettuale di numerosi grafici. Si tratta di un pezzo importante, anche se poco noto, delle vicende della grafica del Made in Italy.<\/h4>\n\n\n\n<div style=\"height:30px\" aria-hidden=\"true\" class=\"wp-block-spacer\"><\/div>\n\n\n\n<figure class=\"wp-block-video\"><video height=\"1280\" style=\"aspect-ratio: 1920 \/ 1280;\" width=\"1920\" controls src=\"https:\/\/animazionedesign.it\/rtd\/wp-content\/uploads\/2024\/10\/Grafica-esempio-fili-riviste.mp4\"><\/video><\/figure>\n\n\n\n<div style=\"height:50px\" aria-hidden=\"true\" class=\"wp-block-spacer\"><\/div>\n\n\n\n<p><\/p>\n","protected":false},"excerpt":{"rendered":"<p>Gallery Mentre siamo al lavoro sulla realizzazione di alcuni primi moduli, ci fa piacere condividere con voi alcuni materiali &#8220;di lavorazione&#8221;. Intro Queste \u2018copertine\u2019 sono esercizi preparatori, che abbiamo intrapreso in attesa che iniziassero a fluire materiali da parte dei \u2018consulenti\u2019 del nostro panel di esperti. In questi due primi esperimenti abbiamo inserito elementi del [&hellip;]<\/p>\n","protected":false},"author":1,"featured_media":0,"parent":0,"menu_order":0,"comment_status":"closed","ping_status":"closed","template":"page-templates\/menu-trasparent.php","meta":{"footnotes":""},"class_list":["post-22","page","type-page","status-publish","hentry"],"_links":{"self":[{"href":"https:\/\/animazionedesign.it\/rtd\/wp-json\/wp\/v2\/pages\/22","targetHints":{"allow":["GET"]}}],"collection":[{"href":"https:\/\/animazionedesign.it\/rtd\/wp-json\/wp\/v2\/pages"}],"about":[{"href":"https:\/\/animazionedesign.it\/rtd\/wp-json\/wp\/v2\/types\/page"}],"author":[{"embeddable":true,"href":"https:\/\/animazionedesign.it\/rtd\/wp-json\/wp\/v2\/users\/1"}],"replies":[{"embeddable":true,"href":"https:\/\/animazionedesign.it\/rtd\/wp-json\/wp\/v2\/comments?post=22"}],"version-history":[{"count":36,"href":"https:\/\/animazionedesign.it\/rtd\/wp-json\/wp\/v2\/pages\/22\/revisions"}],"predecessor-version":[{"id":229,"href":"https:\/\/animazionedesign.it\/rtd\/wp-json\/wp\/v2\/pages\/22\/revisions\/229"}],"wp:attachment":[{"href":"https:\/\/animazionedesign.it\/rtd\/wp-json\/wp\/v2\/media?parent=22"}],"curies":[{"name":"wp","href":"https:\/\/api.w.org\/{rel}","templated":true}]}}